{"id":12,"date":"2024-04-27T16:53:14","date_gmt":"2024-04-27T14:53:14","guid":{"rendered":"http:\/\/lchtukg.cluster023.hosting.ovh.net\/?page_id=12"},"modified":"2025-01-13T16:22:45","modified_gmt":"2025-01-13T15:22:45","slug":"sponsors-chiara-pogneaux","status":"publish","type":"page","link":"https:\/\/chiarapogneaux.com\/index.php\/sponsors-chiara-pogneaux\/","title":{"rendered":"Sponsors"},"content":{"rendered":"\n<div class=\"wp-block-group has-global-padding is-layout-constrained wp-block-group-is-layout-constrained\">\n<h2 class=\"wp-block-heading\">Remerciements aux sponsors<\/h2>\n\n\n\n<div class=\"wp-block-media-text has-media-on-the-right is-stacked-on-mobile is-vertically-aligned-center\" style=\"grid-template-columns:auto 60%\"><div class=\"wp-block-media-text__content\">\n<p class=\"has-text-align-center has-medium-font-size\">Un grand merci \u00e0 tous mes sponsors et \u00e9quipementiers pour leurs soutient. Ce sont des marques et des personnes formidables, tr\u00e8s investies dans notre sport.<\/p>\n\n\n\n<p class=\"has-text-align-center has-medium-font-size\">Vous pouvez acc\u00e9der directement \u00e0 leurs sites en cliquant sur leurs logos ! \ud83d\ude09 <\/p>\n<\/div><figure class=\"wp-block-media-text__media\"><img loading=\"lazy\" decoding=\"async\" width=\"850\" height=\"567\" src=\"http:\/\/lchtukg.cluster023.hosting.ovh.net\/wp-content\/uploads\/2024\/04\/a24-cows-cp-03-01254.jpg\" alt=\"\" class=\"wp-image-30 size-full\" srcset=\"https:\/\/chiarapogneaux.com\/wp-content\/uploads\/2024\/04\/a24-cows-cp-03-01254.jpg 850w, https:\/\/chiarapogneaux.com\/wp-content\/uploads\/2024\/04\/a24-cows-cp-03-01254-300x200.jpg 300w, https:\/\/chiarapogneaux.com\/wp-content\/uploads\/2024\/04\/a24-cows-cp-03-01254-600x400.jpg 600w, https:\/\/chiarapogneaux.com\/wp-content\/uploads\/2024\/04\/a24-cows-cp-03-01254-18x12.jpg 18w\" sizes=\"auto, (max-width: 850px) 100vw, 850px\" \/><\/figure><\/div>\n<\/div>\n\n\n\n<div style=\"height:40px\" aria-hidden=\"true\" class=\"wp-block-spacer\"><\/div>\n\n\n\n<div class=\"wp-block-group is-vertical is-layout-flex wp-container-core-group-is-layout-fe9cc265 wp-block-group-is-layout-flex\">\n<h2 class=\"wp-block-heading\">Sponsors Chiara Pogneaux<\/h2>\n\n\n\n<figure class=\"wp-block-gallery aligncenter has-nested-images columns-4 is-cropped wp-block-gallery-1 is-layout-flex wp-block-gallery-is-layout-flex\">\n<figure class=\"wp-block-image size-large has-custom-border\"><a href=\"https:\/\/www.leki.com\/fr\/fr\" target=\"_blank\" rel=\"noreferrer noopener\"><img loading=\"lazy\" decoding=\"async\" width=\"1024\" height=\"1024\" data-id=\"144\" src=\"https:\/\/chiarapogneaux.com\/wp-content\/uploads\/2024\/05\/leki-logo-png-transparent-1024x1024.png\" alt=\"Logo de mon sponsor Leki Sponsor Chiara Pogneaux\" class=\"has-border-color has-foreground-border-color wp-image-144\" style=\"border-width:3px;border-radius:15px\" srcset=\"https:\/\/chiarapogneaux.com\/wp-content\/uploads\/2024\/05\/leki-logo-png-transparent-1024x1024.png 1024w, https:\/\/chiarapogneaux.com\/wp-content\/uploads\/2024\/05\/leki-logo-png-transparent-300x300.png 300w, https:\/\/chiarapogneaux.com\/wp-content\/uploads\/2024\/05\/leki-logo-png-transparent-150x150.png 150w, https:\/\/chiarapogneaux.com\/wp-content\/uploads\/2024\/05\/leki-logo-png-transparent-2000x2000.png 2000w\" sizes=\"auto, (max-width: 1024px) 100vw, 1024px\" \/><\/a><\/figure>\n\n\n\n<figure class=\"wp-block-image size-full has-custom-border\"><a href=\"https:\/\/www.google.com\/url?sa=t&amp;source=web&amp;rct=j&amp;opi=89978449&amp;url=https:\/\/www.reusch.com\/&amp;ved=2ahUKEwiB4rHu9rKIAxWqRaQEHZshDpQQFnoECAkQAQ&amp;usg=AOvVaw0m8t43gUqAplttgX2mIPlK\"><img loading=\"lazy\" decoding=\"async\" width=\"300\" height=\"300\" data-id=\"463\" src=\"https:\/\/chiarapogneaux.com\/wp-content\/uploads\/2024\/05\/Reusch-Logo-round.png\" alt=\"Logo de mon sponsors Reush Sponsor Chiara Pogneaux\" class=\"has-border-color has-foreground-border-color wp-image-463\" style=\"border-width:3px;border-radius:15px\" srcset=\"https:\/\/chiarapogneaux.com\/wp-content\/uploads\/2024\/05\/Reusch-Logo-round.png 300w, https:\/\/chiarapogneaux.com\/wp-content\/uploads\/2024\/05\/Reusch-Logo-round-150x150.png 150w\" sizes=\"auto, (max-width: 300px) 100vw, 300px\" \/><\/a><\/figure>\n\n\n\n<figure class=\"wp-block-image size-full has-custom-border\"><img data-dominant-color=\"200e46\" data-has-transparency=\"true\" loading=\"lazy\" decoding=\"async\" width=\"224\" height=\"222\" data-id=\"826\" src=\"https:\/\/chiarapogneaux.com\/wp-content\/uploads\/2025\/01\/Capture-decran-2025-01-10-a-10.35.49-3-png.webp\" alt=\"\" class=\"has-border-color has-primary-border-color wp-image-826 has-transparency\" style=\"--dominant-color: #200e46; border-width:3px;border-radius:15px\" srcset=\"https:\/\/chiarapogneaux.com\/wp-content\/uploads\/2025\/01\/Capture-decran-2025-01-10-a-10.35.49-3-png.webp 224w, https:\/\/chiarapogneaux.com\/wp-content\/uploads\/2025\/01\/Capture-decran-2025-01-10-a-10.35.49-3-150x150.webp 150w\" sizes=\"auto, (max-width: 224px) 100vw, 224px\" \/><\/figure>\n\n\n\n<figure class=\"wp-block-image size-full has-custom-border is-style-default\"><a href=\"https:\/\/www.googleadservices.com\/pagead\/aclk?sa=L&amp;ai=DChcSEwjYxb7b9rKIAxXLPwYAHSqBMu0YABAAGgJ3cw&amp;co=1&amp;gclid=EAIaIQobChMI2MW-2_ayiAMVyz8GAB0qgTLtEAAYASAAEgLrwPD_BwE&amp;ohost=www.google.com&amp;cid=CAASJORoXzowWQIgnLFaXd8OA1kvqG8Pxrt0HssbhLFz4Cqa7nvVMw&amp;sig=AOD64_0pF-1RHacJt3yeCmnaupB74oHbfQ&amp;q&amp;adurl&amp;ved=2ahUKEwiH4bnb9rKIAxUlRaQEHY0pL8UQ0Qx6BAgIEAM\"><img loading=\"lazy\" decoding=\"async\" width=\"225\" height=\"225\" data-id=\"710\" src=\"https:\/\/chiarapogneaux.com\/wp-content\/uploads\/2024\/09\/images.png\" alt=\"\" class=\"has-border-color has-foreground-border-color wp-image-710\" style=\"border-width:3px;border-radius:15px\" srcset=\"https:\/\/chiarapogneaux.com\/wp-content\/uploads\/2024\/09\/images.png 225w, https:\/\/chiarapogneaux.com\/wp-content\/uploads\/2024\/09\/images-150x150.png 150w\" sizes=\"auto, (max-width: 225px) 100vw, 225px\" \/><\/a><\/figure>\n\n\n\n<figure class=\"wp-block-image size-large has-custom-border is-style-default\"><a href=\"https:\/\/www.rossignol.com\/fr-fr\/\" target=\"_blank\" rel=\"noreferrer noopener\"><img loading=\"lazy\" decoding=\"async\" width=\"300\" height=\"297\" data-id=\"131\" src=\"http:\/\/lchtukg.cluster023.hosting.ovh.net\/wp-content\/uploads\/2024\/05\/ROSSIGNOL_CORPORATE_LOGOTYPE_SQUARE_MONOCHROME.jpg\" alt=\"Logo de mon sponsor Rossignol Sponsor Chiara Pogneaux\" class=\"has-border-color has-foreground-border-color wp-image-131\" style=\"border-width:3px;border-radius:15px\" srcset=\"https:\/\/chiarapogneaux.com\/wp-content\/uploads\/2024\/05\/ROSSIGNOL_CORPORATE_LOGOTYPE_SQUARE_MONOCHROME.jpg 300w, https:\/\/chiarapogneaux.com\/wp-content\/uploads\/2024\/05\/ROSSIGNOL_CORPORATE_LOGOTYPE_SQUARE_MONOCHROME-150x150.jpg 150w\" sizes=\"auto, (max-width: 300px) 100vw, 300px\" \/><\/a><\/figure>\n\n\n\n<figure class=\"wp-block-image size-large has-custom-border is-style-default\"><a href=\"https:\/\/www.serre-chevalier.com\/\" target=\"_blank\" rel=\"noreferrer noopener\"><img loading=\"lazy\" decoding=\"async\" width=\"1024\" height=\"1024\" data-id=\"146\" src=\"https:\/\/chiarapogneaux.com\/wp-content\/uploads\/2024\/05\/VALISE_MARQUEURS_240122_Plan-de-travail-1-1024x1024.png\" alt=\"Logo de mon sponsor Chiara Pogneaux\" class=\"has-border-color has-foreground-border-color wp-image-146\" style=\"border-width:3px;border-radius:16px\" srcset=\"https:\/\/chiarapogneaux.com\/wp-content\/uploads\/2024\/05\/VALISE_MARQUEURS_240122_Plan-de-travail-1-1024x1024.png 1024w, https:\/\/chiarapogneaux.com\/wp-content\/uploads\/2024\/05\/VALISE_MARQUEURS_240122_Plan-de-travail-1-300x300.png 300w, https:\/\/chiarapogneaux.com\/wp-content\/uploads\/2024\/05\/VALISE_MARQUEURS_240122_Plan-de-travail-1-150x150.png 150w, https:\/\/chiarapogneaux.com\/wp-content\/uploads\/2024\/05\/VALISE_MARQUEURS_240122_Plan-de-travail-1-2000x2000.png 2000w\" sizes=\"auto, (max-width: 1024px) 100vw, 1024px\" \/><\/a><\/figure>\n\n\n\n<figure class=\"wp-block-image size-full has-custom-border\"><a href=\"https:\/\/shredoptics.com\/\" target=\"_blank\" rel=\"noreferrer noopener\"><img loading=\"lazy\" decoding=\"async\" width=\"225\" height=\"225\" data-id=\"136\" src=\"http:\/\/lchtukg.cluster023.hosting.ovh.net\/wp-content\/uploads\/2024\/05\/images.png\" alt=\"Logo de mon sponsor Sponsor Chiara Pogneaux\" class=\"has-border-color has-primary-border-color wp-image-136\" style=\"border-width:3px;border-radius:15px\" srcset=\"https:\/\/chiarapogneaux.com\/wp-content\/uploads\/2024\/05\/images.png 225w, https:\/\/chiarapogneaux.com\/wp-content\/uploads\/2024\/05\/images-150x150.png 150w\" sizes=\"auto, (max-width: 225px) 100vw, 225px\" \/><\/a><\/figure>\n<\/figure>\n<\/div>\n\n\n\n<div style=\"height:100px\" aria-hidden=\"true\" class=\"wp-block-spacer\"><\/div>\n\n\n\n<div class=\"wp-block-group has-global-padding is-layout-constrained wp-block-group-is-layout-constrained\">\n<h2 class=\"wp-block-heading\"><em>Sponsors de l&rsquo;\u00c9quipe de France <\/em><\/h2>\n\n\n\n<div class=\"wp-block-media-text is-stacked-on-mobile\" style=\"grid-template-columns:31% auto\"><figure class=\"wp-block-media-text__media\"><img loading=\"lazy\" decoding=\"async\" width=\"355\" height=\"347\" src=\"https:\/\/chiarapogneaux.com\/wp-content\/uploads\/2024\/05\/Capture-decran-2024-05-03-a-16.48.17-2.png\" alt=\"Logo FFS Sponsor Chiara Pogneaux\" class=\"wp-image-520 size-full\" srcset=\"https:\/\/chiarapogneaux.com\/wp-content\/uploads\/2024\/05\/Capture-decran-2024-05-03-a-16.48.17-2.png 355w, https:\/\/chiarapogneaux.com\/wp-content\/uploads\/2024\/05\/Capture-decran-2024-05-03-a-16.48.17-2-300x293.png 300w\" sizes=\"auto, (max-width: 355px) 100vw, 355px\" \/><\/figure><div class=\"wp-block-media-text__content\">\n<ul class=\"wp-block-list\">\n<li style=\"font-size:clamp(14.642px, 0.915rem + ((1vw - 3.2px) * 0.766), 22px);\">Caisse d\u2019\u00c9pargne Rh\u00f4ne Alpes<\/li>\n\n\n\n<li style=\"font-size:clamp(14.642px, 0.915rem + ((1vw - 3.2px) * 0.766), 22px);\">Domaine skiable de France<\/li>\n\n\n\n<li style=\"font-size:clamp(14.642px, 0.915rem + ((1vw - 3.2px) * 0.766), 22px);\">Audi<\/li>\n\n\n\n<li style=\"font-size:clamp(14.642px, 0.915rem + ((1vw - 3.2px) * 0.766), 22px);\">ESF<\/li>\n\n\n\n<li style=\"font-size:clamp(14.642px, 0.915rem + ((1vw - 3.2px) * 0.766), 22px);\">GreenWeez<\/li>\n\n\n\n<li style=\"font-size:clamp(14.642px, 0.915rem + ((1vw - 3.2px) * 0.766), 22px);\">Savoie Mont Blanc<\/li>\n\n\n\n<li style=\"font-size:clamp(14.642px, 0.915rem + ((1vw - 3.2px) * 0.766), 22px);\">COLMAR<\/li>\n\n\n\n<li style=\"font-size:clamp(14.642px, 0.915rem + ((1vw - 3.2px) * 0.766), 22px);\">La R\u00e9gion Auvergne Rh\u00f4ne Alpes<\/li>\n<\/ul>\n<\/div><\/div>\n<\/div>\n\n\n\n<div style=\"height:100px\" aria-hidden=\"true\" class=\"wp-block-spacer\"><\/div>\n\n\n\n<div class=\"wp-block-group has-global-padding is-layout-constrained wp-block-group-is-layout-constrained\">\n<h2 class=\"wp-block-heading\" style=\"font-size:clamp(18.434px, 1.152rem + ((1vw - 3.2px) * 1.101), 29px);\">Club \u00e9lite des Hautes Alpes<\/h2>\n\n\n\n<p>J&rsquo;ai aussi la chance de faire partie du Club \u00c9lite des Hautes Alpes. <\/p>\n\n\n\n<p>Ce club aide financi\u00e8rement une partie des sportifs du d\u00e9partement et leurs permets de pratiquer leur sport les soulageant sur le cot\u00e9 financier.<\/p>\n\n\n\n<p>Merci \u00e0 eux. <\/p>\n\n\n\n<figure class=\"wp-block-image aligncenter size-full is-resized\"><a href=\"https:\/\/www.club-elite-hautes-alpes.fr\/\"><img loading=\"lazy\" decoding=\"async\" width=\"268\" height=\"129\" src=\"https:\/\/chiarapogneaux.com\/wp-content\/uploads\/2024\/05\/Capture-decran-2024-05-03-a-16.58.13.png\" alt=\"Logo Elites Hautes Alpes Sponsor Chiara Pogneaux\" class=\"wp-image-437\" style=\"width:364px;height:auto\"\/><\/a><\/figure>\n\n\n\n<div style=\"height:69px\" aria-hidden=\"true\" class=\"wp-block-spacer\"><\/div>\n<\/div>\n\n\n\n<p>Retrouvez tous les sponsors de Chiara Pogneaux lors de <a href=\"https:\/\/chiarapogneaux.com\/\">mes aventures<\/a>, dans mes <a href=\"https:\/\/chiarapogneaux.com\/index.php\/galerie-media-interview-chiara-pogneaux\/\">interviews<\/a> et ma <a href=\"https:\/\/chiarapogneaux.com\/index.php\/galerie-media-interview-chiara-pogneaux\/\">galerie<\/a><\/p>\n","protected":false},"excerpt":{"rendered":"<p>Remerciements aux sponsors Un grand merci \u00e0 tous mes sponsors et \u00e9quipementiers pour leurs soutient. Ce sont des marques et des personnes formidables, tr\u00e8s investies dans notre sport. Vous pouvez acc\u00e9der directement \u00e0 leurs sites en cliquant sur leurs logos ! \ud83d\ude09 Sponsors Chiara Pogneaux Sponsors de l&rsquo;\u00c9quipe de France Club \u00e9lite des Hautes Alpes &hellip; <\/p>\n<p class=\"link-more\"><a href=\"https:\/\/chiarapogneaux.com\/index.php\/sponsors-chiara-pogneaux\/\" class=\"more-link\">Lire la suite de<span class=\"screen-reader-text\">\u00ab\u00a0Sponsors\u00a0\u00bb<\/span><\/a><\/p>\n","protected":false},"author":2,"featured_media":0,"parent":0,"menu_order":0,"comment_status":"closed","ping_status":"closed","template":"","meta":{"footnotes":""},"class_list":["post-12","page","type-page","status-publish","hentry"],"yoast_head":"<!-- This site is optimized with the Yoast SEO plugin v27.4 - https:\/\/yoast.com\/product\/yoast-seo-wordpress\/ -->\n<title>Sponsors<\/title>\n<meta name=\"description\" content=\"Retrouvez les sponsors Chiara de Pogneaux. Je les remercie \u00e9norm\u00e9ment car sans eux rien de tout \u00e7a ne pourrais \u00eatre possible.\" \/>\n<meta name=\"robots\" content=\"index, follow, max-snippet:-1, max-image-preview:large, max-video-preview:-1\" \/>\n<link rel=\"canonical\" href=\"https:\/\/chiarapogneaux.com\/index.php\/sponsors-chiara-pogneaux\/\" \/>\n<meta property=\"og:locale\" content=\"fr_FR\" \/>\n<meta property=\"og:type\" content=\"article\" \/>\n<meta property=\"og:title\" content=\"Sponsors\" \/>\n<meta property=\"og:description\" content=\"Retrouvez les sponsors Chiara de Pogneaux. Je les remercie \u00e9norm\u00e9ment car sans eux rien de tout \u00e7a ne pourrais \u00eatre possible.\" \/>\n<meta property=\"og:url\" content=\"https:\/\/chiarapogneaux.com\/index.php\/sponsors-chiara-pogneaux\/\" \/>\n<meta property=\"og:site_name\" content=\"Chiara Pogneaux - Officiel\" \/>\n<meta property=\"article:modified_time\" content=\"2025-01-13T15:22:45+00:00\" \/>\n<meta property=\"og:image\" content=\"https:\/\/chiarapogneaux.com\/wp-content\/uploads\/2024\/04\/a24-cows-cp-03-01254.jpg\" \/>\n\t<meta property=\"og:image:width\" content=\"850\" \/>\n\t<meta property=\"og:image:height\" content=\"567\" \/>\n\t<meta property=\"og:image:type\" content=\"image\/jpeg\" \/>\n<meta name=\"twitter:card\" content=\"summary_large_image\" \/>\n<meta name=\"twitter:label1\" content=\"Dur\u00e9e de lecture estim\u00e9e\" \/>\n\t<meta name=\"twitter:data1\" content=\"3 minutes\" \/>\n<script type=\"application\/ld+json\" class=\"yoast-schema-graph\">{\"@context\":\"https:\\\/\\\/schema.org\",\"@graph\":[{\"@type\":\"WebPage\",\"@id\":\"https:\\\/\\\/chiarapogneaux.com\\\/index.php\\\/sponsors-chiara-pogneaux\\\/\",\"url\":\"https:\\\/\\\/chiarapogneaux.com\\\/index.php\\\/sponsors-chiara-pogneaux\\\/\",\"name\":\"Sponsors\",\"isPartOf\":{\"@id\":\"https:\\\/\\\/chiarapogneaux.com\\\/#website\"},\"primaryImageOfPage\":{\"@id\":\"https:\\\/\\\/chiarapogneaux.com\\\/index.php\\\/sponsors-chiara-pogneaux\\\/#primaryimage\"},\"image\":{\"@id\":\"https:\\\/\\\/chiarapogneaux.com\\\/index.php\\\/sponsors-chiara-pogneaux\\\/#primaryimage\"},\"thumbnailUrl\":\"http:\\\/\\\/lchtukg.cluster023.hosting.ovh.net\\\/wp-content\\\/uploads\\\/2024\\\/04\\\/a24-cows-cp-03-01254.jpg\",\"datePublished\":\"2024-04-27T14:53:14+00:00\",\"dateModified\":\"2025-01-13T15:22:45+00:00\",\"description\":\"Retrouvez les sponsors Chiara de Pogneaux. Je les remercie \u00e9norm\u00e9ment car sans eux rien de tout \u00e7a ne pourrais \u00eatre possible.\",\"breadcrumb\":{\"@id\":\"https:\\\/\\\/chiarapogneaux.com\\\/index.php\\\/sponsors-chiara-pogneaux\\\/#breadcrumb\"},\"inLanguage\":\"fr-FR\",\"potentialAction\":[{\"@type\":\"ReadAction\",\"target\":[\"https:\\\/\\\/chiarapogneaux.com\\\/index.php\\\/sponsors-chiara-pogneaux\\\/\"]}]},{\"@type\":\"ImageObject\",\"inLanguage\":\"fr-FR\",\"@id\":\"https:\\\/\\\/chiarapogneaux.com\\\/index.php\\\/sponsors-chiara-pogneaux\\\/#primaryimage\",\"url\":\"http:\\\/\\\/lchtukg.cluster023.hosting.ovh.net\\\/wp-content\\\/uploads\\\/2024\\\/04\\\/a24-cows-cp-03-01254.jpg\",\"contentUrl\":\"http:\\\/\\\/lchtukg.cluster023.hosting.ovh.net\\\/wp-content\\\/uploads\\\/2024\\\/04\\\/a24-cows-cp-03-01254.jpg\"},{\"@type\":\"BreadcrumbList\",\"@id\":\"https:\\\/\\\/chiarapogneaux.com\\\/index.php\\\/sponsors-chiara-pogneaux\\\/#breadcrumb\",\"itemListElement\":[{\"@type\":\"ListItem\",\"position\":1,\"name\":\"Accueil\",\"item\":\"https:\\\/\\\/chiarapogneaux.com\\\/\"},{\"@type\":\"ListItem\",\"position\":2,\"name\":\"Sponsors\"}]},{\"@type\":\"WebSite\",\"@id\":\"https:\\\/\\\/chiarapogneaux.com\\\/#website\",\"url\":\"https:\\\/\\\/chiarapogneaux.com\\\/\",\"name\":\"Chiara Pogneaux\",\"description\":\"D\u00e9couvrez le site officiel de Chiara Pogneaux\",\"publisher\":{\"@id\":\"https:\\\/\\\/chiarapogneaux.com\\\/#\\\/schema\\\/person\\\/0b2630e6a7121d0e864b2a7fb8d3bbb5\"},\"potentialAction\":[{\"@type\":\"SearchAction\",\"target\":{\"@type\":\"EntryPoint\",\"urlTemplate\":\"https:\\\/\\\/chiarapogneaux.com\\\/?s={search_term_string}\"},\"query-input\":{\"@type\":\"PropertyValueSpecification\",\"valueRequired\":true,\"valueName\":\"search_term_string\"}}],\"inLanguage\":\"fr-FR\"},{\"@type\":[\"Person\",\"Organization\"],\"@id\":\"https:\\\/\\\/chiarapogneaux.com\\\/#\\\/schema\\\/person\\\/0b2630e6a7121d0e864b2a7fb8d3bbb5\",\"name\":\"Chiara Pogneaux\",\"image\":{\"@type\":\"ImageObject\",\"inLanguage\":\"fr-FR\",\"@id\":\"https:\\\/\\\/secure.gravatar.com\\\/avatar\\\/6904649d15ab6f7190bca4652d4e5fb8666d08a13d49d1444ad743e336d267b0?s=96&d=mm&r=g\",\"url\":\"https:\\\/\\\/secure.gravatar.com\\\/avatar\\\/6904649d15ab6f7190bca4652d4e5fb8666d08a13d49d1444ad743e336d267b0?s=96&d=mm&r=g\",\"contentUrl\":\"https:\\\/\\\/secure.gravatar.com\\\/avatar\\\/6904649d15ab6f7190bca4652d4e5fb8666d08a13d49d1444ad743e336d267b0?s=96&d=mm&r=g\",\"caption\":\"Chiara Pogneaux\"},\"logo\":{\"@id\":\"https:\\\/\\\/secure.gravatar.com\\\/avatar\\\/6904649d15ab6f7190bca4652d4e5fb8666d08a13d49d1444ad743e336d267b0?s=96&d=mm&r=g\"},\"sameAs\":[\"http:\\\/\\\/lchtukg.cluster023.hosting.ovh.net\"]}]}<\/script>\n<!-- \/ Yoast SEO plugin. -->","yoast_head_json":{"title":"Sponsors","description":"Retrouvez les sponsors Chiara de Pogneaux. Je les remercie \u00e9norm\u00e9ment car sans eux rien de tout \u00e7a ne pourrais \u00eatre possible.","robots":{"index":"index","follow":"follow","max-snippet":"max-snippet:-1","max-image-preview":"max-image-preview:large","max-video-preview":"max-video-preview:-1"},"canonical":"https:\/\/chiarapogneaux.com\/index.php\/sponsors-chiara-pogneaux\/","og_locale":"fr_FR","og_type":"article","og_title":"Sponsors","og_description":"Retrouvez les sponsors Chiara de Pogneaux. Je les remercie \u00e9norm\u00e9ment car sans eux rien de tout \u00e7a ne pourrais \u00eatre possible.","og_url":"https:\/\/chiarapogneaux.com\/index.php\/sponsors-chiara-pogneaux\/","og_site_name":"Chiara Pogneaux - Officiel","article_modified_time":"2025-01-13T15:22:45+00:00","og_image":[{"width":850,"height":567,"url":"https:\/\/chiarapogneaux.com\/wp-content\/uploads\/2024\/04\/a24-cows-cp-03-01254.jpg","type":"image\/jpeg"}],"twitter_card":"summary_large_image","twitter_misc":{"Dur\u00e9e de lecture estim\u00e9e":"3 minutes"},"schema":{"@context":"https:\/\/schema.org","@graph":[{"@type":"WebPage","@id":"https:\/\/chiarapogneaux.com\/index.php\/sponsors-chiara-pogneaux\/","url":"https:\/\/chiarapogneaux.com\/index.php\/sponsors-chiara-pogneaux\/","name":"Sponsors","isPartOf":{"@id":"https:\/\/chiarapogneaux.com\/#website"},"primaryImageOfPage":{"@id":"https:\/\/chiarapogneaux.com\/index.php\/sponsors-chiara-pogneaux\/#primaryimage"},"image":{"@id":"https:\/\/chiarapogneaux.com\/index.php\/sponsors-chiara-pogneaux\/#primaryimage"},"thumbnailUrl":"http:\/\/lchtukg.cluster023.hosting.ovh.net\/wp-content\/uploads\/2024\/04\/a24-cows-cp-03-01254.jpg","datePublished":"2024-04-27T14:53:14+00:00","dateModified":"2025-01-13T15:22:45+00:00","description":"Retrouvez les sponsors Chiara de Pogneaux. Je les remercie \u00e9norm\u00e9ment car sans eux rien de tout \u00e7a ne pourrais \u00eatre possible.","breadcrumb":{"@id":"https:\/\/chiarapogneaux.com\/index.php\/sponsors-chiara-pogneaux\/#breadcrumb"},"inLanguage":"fr-FR","potentialAction":[{"@type":"ReadAction","target":["https:\/\/chiarapogneaux.com\/index.php\/sponsors-chiara-pogneaux\/"]}]},{"@type":"ImageObject","inLanguage":"fr-FR","@id":"https:\/\/chiarapogneaux.com\/index.php\/sponsors-chiara-pogneaux\/#primaryimage","url":"http:\/\/lchtukg.cluster023.hosting.ovh.net\/wp-content\/uploads\/2024\/04\/a24-cows-cp-03-01254.jpg","contentUrl":"http:\/\/lchtukg.cluster023.hosting.ovh.net\/wp-content\/uploads\/2024\/04\/a24-cows-cp-03-01254.jpg"},{"@type":"BreadcrumbList","@id":"https:\/\/chiarapogneaux.com\/index.php\/sponsors-chiara-pogneaux\/#breadcrumb","itemListElement":[{"@type":"ListItem","position":1,"name":"Accueil","item":"https:\/\/chiarapogneaux.com\/"},{"@type":"ListItem","position":2,"name":"Sponsors"}]},{"@type":"WebSite","@id":"https:\/\/chiarapogneaux.com\/#website","url":"https:\/\/chiarapogneaux.com\/","name":"Chiara Pogneaux","description":"D\u00e9couvrez le site officiel de Chiara Pogneaux","publisher":{"@id":"https:\/\/chiarapogneaux.com\/#\/schema\/person\/0b2630e6a7121d0e864b2a7fb8d3bbb5"},"potentialAction":[{"@type":"SearchAction","target":{"@type":"EntryPoint","urlTemplate":"https:\/\/chiarapogneaux.com\/?s={search_term_string}"},"query-input":{"@type":"PropertyValueSpecification","valueRequired":true,"valueName":"search_term_string"}}],"inLanguage":"fr-FR"},{"@type":["Person","Organization"],"@id":"https:\/\/chiarapogneaux.com\/#\/schema\/person\/0b2630e6a7121d0e864b2a7fb8d3bbb5","name":"Chiara Pogneaux","image":{"@type":"ImageObject","inLanguage":"fr-FR","@id":"https:\/\/secure.gravatar.com\/avatar\/6904649d15ab6f7190bca4652d4e5fb8666d08a13d49d1444ad743e336d267b0?s=96&d=mm&r=g","url":"https:\/\/secure.gravatar.com\/avatar\/6904649d15ab6f7190bca4652d4e5fb8666d08a13d49d1444ad743e336d267b0?s=96&d=mm&r=g","contentUrl":"https:\/\/secure.gravatar.com\/avatar\/6904649d15ab6f7190bca4652d4e5fb8666d08a13d49d1444ad743e336d267b0?s=96&d=mm&r=g","caption":"Chiara Pogneaux"},"logo":{"@id":"https:\/\/secure.gravatar.com\/avatar\/6904649d15ab6f7190bca4652d4e5fb8666d08a13d49d1444ad743e336d267b0?s=96&d=mm&r=g"},"sameAs":["http:\/\/lchtukg.cluster023.hosting.ovh.net"]}]}},"featured_media_urls":[],"_links":{"self":[{"href":"https:\/\/chiarapogneaux.com\/index.php\/wp-json\/wp\/v2\/pages\/12","targetHints":{"allow":["GET"]}}],"collection":[{"href":"https:\/\/chiarapogneaux.com\/index.php\/wp-json\/wp\/v2\/pages"}],"about":[{"href":"https:\/\/chiarapogneaux.com\/index.php\/wp-json\/wp\/v2\/types\/page"}],"author":[{"embeddable":true,"href":"https:\/\/chiarapogneaux.com\/index.php\/wp-json\/wp\/v2\/users\/2"}],"replies":[{"embeddable":true,"href":"https:\/\/chiarapogneaux.com\/index.php\/wp-json\/wp\/v2\/comments?post=12"}],"version-history":[{"count":34,"href":"https:\/\/chiarapogneaux.com\/index.php\/wp-json\/wp\/v2\/pages\/12\/revisions"}],"predecessor-version":[{"id":830,"href":"https:\/\/chiarapogneaux.com\/index.php\/wp-json\/wp\/v2\/pages\/12\/revisions\/830"}],"wp:attachment":[{"href":"https:\/\/chiarapogneaux.com\/index.php\/wp-json\/wp\/v2\/media?parent=12"}],"curies":[{"name":"wp","href":"https:\/\/api.w.org\/{rel}","templated":true}]}}