{"id":302,"date":"2024-05-02T11:08:18","date_gmt":"2024-05-02T09:08:18","guid":{"rendered":"https:\/\/chiarapogneaux.com\/?page_id=302"},"modified":"2024-05-20T19:02:54","modified_gmt":"2024-05-20T17:02:54","slug":"galerie-media-interview-chiara-pogneaux","status":"publish","type":"page","link":"https:\/\/chiarapogneaux.com\/index.php\/galerie-media-interview-chiara-pogneaux\/","title":{"rendered":"M\u00e9dia &amp; Galerie"},"content":{"rendered":"\n<h2 class=\"wp-block-heading\">Media &amp; Interview &#8211; Chiara Pogneaux<\/h2>\n\n\n\n<p>Retrouvez diff\u00e9rents articles de presses \u00e9diter \u00e0 propos de Chiara Pogneaux par diff\u00e9rents M\u00e9dia<\/p>\n\n\n\n<div class=\"wp-block-columns is-layout-flex wp-container-core-columns-is-layout-28f84493 wp-block-columns-is-layout-flex\">\n<div class=\"wp-block-column has-global-padding is-layout-constrained wp-block-column-is-layout-constrained\" style=\"border-width:1px;flex-basis:50%\">\n<div class=\"wp-block-media-text alignfull is-stacked-on-mobile is-image-fill has-primary-color has-text-color has-link-color has-x-small-font-size wp-elements-3976aaace9f377f60a805fabbf9e2579\" style=\"grid-template-columns:40% auto\"><figure class=\"wp-block-media-text__media\" style=\"background-image:url(https:\/\/chiarapogneaux.com\/wp-content\/uploads\/2024\/05\/3824802-77728969-640-480.jpg);background-position:50% 50%\"><a href=\"https:\/\/www.eurosport.fr\/ski-alpin\/levi\/2023-2024\/progression-tranquille-etudes-a-mi-temps-levi.-chiara-pogneaux-la-pepite-bleue-qui-ne-demande-qu-a-e_sto9881198\/story.shtml\" target=\"_blank\" rel=\"noreferrer noopener\"><img loading=\"lazy\" decoding=\"async\" width=\"640\" height=\"480\" src=\"https:\/\/chiarapogneaux.com\/wp-content\/uploads\/2024\/05\/3824802-77728969-640-480.jpg\" alt=\"Article de Chiara Pogneaux sur le m\u00e9dia Eurosport\" class=\"wp-image-555 size-full\" srcset=\"https:\/\/chiarapogneaux.com\/wp-content\/uploads\/2024\/05\/3824802-77728969-640-480.jpg 640w, https:\/\/chiarapogneaux.com\/wp-content\/uploads\/2024\/05\/3824802-77728969-640-480-300x225.jpg 300w\" sizes=\"auto, (max-width: 640px) 100vw, 640px\" \/><\/a><\/figure><div class=\"wp-block-media-text__content\">\n<p class=\"has-text-align-center has-text-color has-link-color has-small-font-size wp-elements-d40baae14c921776d7dc694b8b524668\" style=\"color:#e01e1e\"><strong>Eurosport<\/strong> <\/p>\n\n\n\n<p class=\"has-text-align-center\" style=\"font-size:11px\"><strong><a href=\"https:\/\/www.eurosport.fr\/ski-alpin\/levi\/2023-2024\/progression-tranquille-etudes-a-mi-temps-levi.-chiara-pogneaux-la-pepite-bleue-qui-ne-demande-qu-a-e_sto9881198\/story.shtml\" target=\"_blank\" rel=\"noreferrer noopener\">PROGRESSION TRANQUILLE, \u00c9TUDES \u00c0 MI-TEMPS, LEVI\u2026 CHIARA POGNEAUX, LA P\u00c9PITE BLEUE QUI NE DEMANDE QU&rsquo;\u00c0 \u00c9CLORE<\/a><\/strong><\/p>\n\n\n\n<figure class=\"wp-block-image aligncenter size-large is-resized has-custom-border\"><a href=\"https:\/\/www.eurosport.fr\/\" target=\"_blank\" rel=\"noreferrer noopener\"><img loading=\"lazy\" decoding=\"async\" width=\"1024\" height=\"538\" src=\"https:\/\/chiarapogneaux.com\/wp-content\/uploads\/2024\/05\/eurosport-1024x538.jpg\" alt=\"Logo Eurosport\" class=\"wp-image-571\" style=\"border-radius:20px;width:70px\" srcset=\"https:\/\/chiarapogneaux.com\/wp-content\/uploads\/2024\/05\/eurosport-1024x538.jpg 1024w, https:\/\/chiarapogneaux.com\/wp-content\/uploads\/2024\/05\/eurosport-300x158.jpg 300w, https:\/\/chiarapogneaux.com\/wp-content\/uploads\/2024\/05\/eurosport.jpg 1200w\" sizes=\"auto, (max-width: 1024px) 100vw, 1024px\" \/><\/a><\/figure>\n<\/div><\/div>\n<\/div>\n\n\n\n<div class=\"wp-block-column has-global-padding is-layout-constrained wp-block-column-is-layout-constrained\" style=\"border-width:1px;flex-basis:50%\">\n<div class=\"wp-block-media-text alignfull has-media-on-the-right is-stacked-on-mobile is-vertically-aligned-center is-image-fill has-primary-color has-text-color has-link-color wp-elements-615941531e603d8a9875d317abc92d86\" style=\"padding-top:0;padding-bottom:0;grid-template-columns:auto 40%\"><div class=\"wp-block-media-text__content\">\n<p class=\"has-text-align-center has-text-color has-link-color has-small-font-size wp-elements-163155fd46c7dfdcbbea68cd54cb822d\" style=\"color:#e01e1e\"><strong><a href=\"https:\/\/chiarapogneaux.com\/index.php\/2024\/11\/16\/world-cup-levi\/\">SKI<\/a> Chrono<\/strong><\/p>\n\n\n\n<p class=\"has-text-align-center\" style=\"font-size:11px\"><strong><a href=\"https:\/\/www.ledauphine.com\/skichrono\/2024\/01\/07\/chiara-pogneaux-marie-lamure-un-vent-de-fraicheur-sur-le-slalom-francais\" target=\"_blank\" rel=\"noreferrer noopener\">Un \u00ab vent de fra\u00eecheur \u00bb sur le slalom fran\u00e7ais<\/a><\/strong><\/p>\n\n\n\n<figure class=\"wp-block-image aligncenter size-full is-resized has-custom-border is-style-rounded\"><img loading=\"lazy\" decoding=\"async\" width=\"398\" height=\"127\" src=\"https:\/\/chiarapogneaux.com\/wp-content\/uploads\/2024\/05\/telecharger.png\" alt=\"Logo Ski Chrono\" class=\"wp-image-612\" style=\"border-radius:20px;width:70px\" srcset=\"https:\/\/chiarapogneaux.com\/wp-content\/uploads\/2024\/05\/telecharger.png 398w, https:\/\/chiarapogneaux.com\/wp-content\/uploads\/2024\/05\/telecharger-300x96.png 300w\" sizes=\"auto, (max-width: 398px) 100vw, 398px\" \/><\/figure>\n<\/div><figure class=\"wp-block-media-text__media\" style=\"background-image:url(https:\/\/chiarapogneaux.com\/wp-content\/uploads\/2024\/05\/Capture-decran-2024-05-01-a-15.11.53.png);background-position:50% 50%\"><a href=\"https:\/\/www.ledauphine.com\/skichrono\/2024\/01\/07\/chiara-pogneaux-marie-lamure-un-vent-de-fraicheur-sur-le-slalom-francais\" target=\"_blank\" rel=\"noreferrer noopener\"><img loading=\"lazy\" decoding=\"async\" width=\"840\" height=\"543\" src=\"https:\/\/chiarapogneaux.com\/wp-content\/uploads\/2024\/05\/Capture-decran-2024-05-01-a-15.11.53.png\" alt=\"Article de Chiara Pogneaux sur le m\u00e9dia Dauphin\u00e9 Lib\u00e9r\u00e9\" class=\"wp-image-157 size-full\" srcset=\"https:\/\/chiarapogneaux.com\/wp-content\/uploads\/2024\/05\/Capture-decran-2024-05-01-a-15.11.53.png 840w, https:\/\/chiarapogneaux.com\/wp-content\/uploads\/2024\/05\/Capture-decran-2024-05-01-a-15.11.53-300x194.png 300w\" sizes=\"auto, (max-width: 840px) 100vw, 840px\" \/><\/a><\/figure><\/div>\n<\/div>\n<\/div>\n\n\n\n<div class=\"wp-block-columns is-layout-flex wp-container-core-columns-is-layout-28f84493 wp-block-columns-is-layout-flex\">\n<div class=\"wp-block-column has-global-padding is-layout-constrained wp-block-column-is-layout-constrained\" style=\"border-width:1px;flex-basis:50%\">\n<div class=\"wp-block-media-text alignfull is-stacked-on-mobile is-image-fill has-primary-color has-text-color has-link-color has-x-small-font-size wp-elements-6289690c3f879f0b5cdc83e186f8664c\" style=\"grid-template-columns:40% auto\"><figure class=\"wp-block-media-text__media\" style=\"background-image:url(https:\/\/chiarapogneaux.com\/wp-content\/uploads\/2024\/05\/chiara-pogneaux-obtient-son-meilleur-resultat-en-coupe-du-monde-photo-agence-zoom.jpg);background-position:50% 50%\"><a href=\"https:\/\/www.ledauphine.com\/skichrono\/2024\/01\/07\/slalom-de-kranjska-gora-petra-vlhova-leader-apres-un-run-mikaela-shiffrin-a-enfourche\" target=\"_blank\" rel=\"noreferrer noopener\"><img loading=\"lazy\" decoding=\"async\" width=\"1000\" height=\"630\" src=\"https:\/\/chiarapogneaux.com\/wp-content\/uploads\/2024\/05\/chiara-pogneaux-obtient-son-meilleur-resultat-en-coupe-du-monde-photo-agence-zoom.jpg\" alt=\"\" class=\"wp-image-618 size-full\" srcset=\"https:\/\/chiarapogneaux.com\/wp-content\/uploads\/2024\/05\/chiara-pogneaux-obtient-son-meilleur-resultat-en-coupe-du-monde-photo-agence-zoom.jpg 1000w, https:\/\/chiarapogneaux.com\/wp-content\/uploads\/2024\/05\/chiara-pogneaux-obtient-son-meilleur-resultat-en-coupe-du-monde-photo-agence-zoom-300x189.jpg 300w\" sizes=\"auto, (max-width: 1000px) 100vw, 1000px\" \/><\/a><\/figure><div class=\"wp-block-media-text__content\">\n<p class=\"has-text-align-center has-text-color has-link-color has-small-font-size wp-elements-ae812bcc50471c4f2bb27a5d4737bc23\" style=\"color:#e01e1e\"><strong><strong>SKI Chrono<\/strong><\/strong><\/p>\n\n\n\n<p class=\"has-text-align-center\" style=\"font-size:11px\"><strong><a href=\"https:\/\/www.eurosport.fr\/ski-alpin\/levi\/2023-2024\/progression-tranquille-etudes-a-mi-temps-levi.-chiara-pogneaux-la-pepite-bleue-qui-ne-demande-qu-a-e_sto9881198\/story.shtml\" target=\"_blank\" rel=\"noreferrer noopener\">Slalom de Kranjska Gora : le triomphe de Petra Vlhova, premier top 10 pour Chiara Pogneaux<\/a><\/strong><\/p>\n\n\n\n<figure class=\"wp-block-image aligncenter size-full is-resized has-custom-border\"><a href=\"https:\/\/www.ledauphine.com\/skichrono\" target=\"_blank\" rel=\"noreferrer noopener\"><img loading=\"lazy\" decoding=\"async\" width=\"398\" height=\"127\" src=\"https:\/\/chiarapogneaux.com\/wp-content\/uploads\/2024\/05\/logo_SkiCrono.png\" alt=\"Logo Ski Chrono\" class=\"wp-image-617\" style=\"border-radius:20px;width:70px\" srcset=\"https:\/\/chiarapogneaux.com\/wp-content\/uploads\/2024\/05\/logo_SkiCrono.png 398w, https:\/\/chiarapogneaux.com\/wp-content\/uploads\/2024\/05\/logo_SkiCrono-300x96.png 300w\" sizes=\"auto, (max-width: 398px) 100vw, 398px\" \/><\/a><\/figure>\n<\/div><\/div>\n<\/div>\n\n\n\n<div class=\"wp-block-column has-global-padding is-layout-constrained wp-block-column-is-layout-constrained\" style=\"border-width:1px;flex-basis:50%\">\n<div class=\"wp-block-media-text alignfull has-media-on-the-right is-stacked-on-mobile is-vertically-aligned-center is-image-fill has-primary-color has-text-color has-link-color wp-elements-0e356a99aab68ce5630f3835defdf44a\" style=\"padding-top:0;padding-bottom:0;grid-template-columns:auto 40%\"><div class=\"wp-block-media-text__content\">\n<p class=\"has-text-align-center has-text-color has-link-color has-small-font-size wp-elements-163155fd46c7dfdcbbea68cd54cb822d\" style=\"color:#e01e1e\"><strong>SKI Chrono<\/strong><\/p>\n\n\n\n<p class=\"has-text-align-center\" style=\"font-size:11px\"><strong><a href=\"https:\/\/www.ledauphine.com\/skichrono\/2024\/02\/11\/slalom-de-soldeu-anna-swenn-larsson-profite-des-absences-de-shiffrin-et-vlhova\" target=\"_blank\" rel=\"noreferrer noopener\">\u00ab J&rsquo;avais envie de d\u00e9monter la manche \u00bb : Chiara Pogneaux en feu \u00e0 Soldeu<\/a><\/strong><\/p>\n\n\n\n<figure class=\"wp-block-image aligncenter size-full is-resized has-custom-border is-style-rounded\"><a href=\"https:\/\/www.ledauphine.com\/skichrono\" target=\"_blank\" rel=\"noreferrer noopener\"><img loading=\"lazy\" decoding=\"async\" width=\"398\" height=\"127\" src=\"https:\/\/chiarapogneaux.com\/wp-content\/uploads\/2024\/05\/telecharger.png\" alt=\"Logo Ski Chrono\" class=\"wp-image-612\" style=\"border-radius:20px;width:70px\" srcset=\"https:\/\/chiarapogneaux.com\/wp-content\/uploads\/2024\/05\/telecharger.png 398w, https:\/\/chiarapogneaux.com\/wp-content\/uploads\/2024\/05\/telecharger-300x96.png 300w\" sizes=\"auto, (max-width: 398px) 100vw, 398px\" \/><\/a><\/figure>\n<\/div><figure class=\"wp-block-media-text__media\" style=\"background-image:url(https:\/\/chiarapogneaux.com\/wp-content\/uploads\/2024\/05\/chiara-pogneaux-photo-agence-zoom-alexis-boichard.jpg);background-position:50% 50%\"><a href=\"https:\/\/www.ledauphine.com\/skichrono\/2024\/02\/11\/slalom-de-soldeu-anna-swenn-larsson-profite-des-absences-de-shiffrin-et-vlhova\" target=\"_blank\" rel=\"noreferrer noopener\"><img loading=\"lazy\" decoding=\"async\" width=\"1000\" height=\"630\" src=\"https:\/\/chiarapogneaux.com\/wp-content\/uploads\/2024\/05\/chiara-pogneaux-photo-agence-zoom-alexis-boichard.jpg\" alt=\"Chiara arriv\u00e9 en t\u00eate en bas de la seconde manche \u00e0 soldeu\" class=\"wp-image-621 size-full\" srcset=\"https:\/\/chiarapogneaux.com\/wp-content\/uploads\/2024\/05\/chiara-pogneaux-photo-agence-zoom-alexis-boichard.jpg 1000w, https:\/\/chiarapogneaux.com\/wp-content\/uploads\/2024\/05\/chiara-pogneaux-photo-agence-zoom-alexis-boichard-300x189.jpg 300w\" sizes=\"auto, (max-width: 1000px) 100vw, 1000px\" \/><\/a><\/figure><\/div>\n<\/div>\n<\/div>\n\n\n\n<p>Retrouvez d&rsquo;autres interviews dans les <a href=\"https:\/\/chiarapogneaux.com\/\">r\u00e9sum\u00e9s de course<\/a> et sur le <a href=\"https:\/\/chiarapogneaux.com\/index.php\/blog\/\">blog<\/a>.<\/p>\n\n\n\n<p>Ces interview permet \u00e0 mes diff\u00e9rents sponsors de gagner en visibilit\u00e9 <\/p>\n\n\n\n<h2 class=\"wp-block-heading\">Galerie<\/h2>\n\n\n\n<p>D\u00e9couvrez des photos exclusifs sur les diff\u00e9rentes saisons et comp\u00e9titions de Chiara Pogneaux.<\/p>\n\n\n\n<p><strong>2024<\/strong><\/p>\n\n\n\n<p><\/p>\n","protected":false},"excerpt":{"rendered":"<p>Media &amp; Interview &#8211; Chiara Pogneaux Retrouvez diff\u00e9rents articles de presses \u00e9diter \u00e0 propos de Chiara Pogneaux par diff\u00e9rents M\u00e9dia Eurosport PROGRESSION TRANQUILLE, \u00c9TUDES \u00c0 MI-TEMPS, LEVI\u2026 CHIARA POGNEAUX, LA P\u00c9PITE BLEUE QUI NE DEMANDE QU&rsquo;\u00c0 \u00c9CLORE SKI Chrono Un \u00ab vent de fra\u00eecheur \u00bb sur le slalom fran\u00e7ais SKI Chrono Slalom de Kranjska Gora &hellip; <\/p>\n<p class=\"link-more\"><a href=\"https:\/\/chiarapogneaux.com\/index.php\/galerie-media-interview-chiara-pogneaux\/\" class=\"more-link\">Lire la suite de<span class=\"screen-reader-text\">\u00ab\u00a0M\u00e9dia &amp; Galerie\u00a0\u00bb<\/span><\/a><\/p>\n","protected":false},"author":2,"featured_media":0,"parent":0,"menu_order":0,"comment_status":"closed","ping_status":"closed","template":"","meta":{"footnotes":""},"class_list":["post-302","page","type-page","status-publish","hentry"],"yoast_head":"<!-- This site is optimized with the Yoast SEO plugin v27.4 - https:\/\/yoast.com\/product\/yoast-seo-wordpress\/ -->\n<title>M\u00e9dia &amp; Galerie - Chiara Pogneaux - Interview Presse<\/title>\n<meta name=\"description\" content=\"Retrouvez les diff\u00e9rents Interview et des photos exclusifs de la skieuse Chiara Pogneaux sur la page m\u00e9dia. Une grande visibilit\u00e9.\" \/>\n<meta name=\"robots\" content=\"index, follow, max-snippet:-1, max-image-preview:large, max-video-preview:-1\" \/>\n<link rel=\"canonical\" href=\"https:\/\/chiarapogneaux.com\/index.php\/galerie-media-interview-chiara-pogneaux\/\" \/>\n<meta property=\"og:locale\" content=\"fr_FR\" \/>\n<meta property=\"og:type\" content=\"article\" \/>\n<meta property=\"og:title\" content=\"M\u00e9dia &amp; Galerie - Chiara Pogneaux - Interview Presse\" \/>\n<meta property=\"og:description\" content=\"Retrouvez les diff\u00e9rents Interview et des photos exclusifs de la skieuse Chiara Pogneaux sur la page m\u00e9dia. Une grande visibilit\u00e9.\" \/>\n<meta property=\"og:url\" content=\"https:\/\/chiarapogneaux.com\/index.php\/galerie-media-interview-chiara-pogneaux\/\" \/>\n<meta property=\"og:site_name\" content=\"Chiara Pogneaux - Officiel\" \/>\n<meta property=\"article:modified_time\" content=\"2024-05-20T17:02:54+00:00\" \/>\n<meta property=\"og:image\" content=\"https:\/\/chiarapogneaux.com\/wp-content\/uploads\/2024\/05\/3824802-77728969-640-480.jpg\" \/>\n<meta name=\"twitter:card\" content=\"summary_large_image\" \/>\n<meta name=\"twitter:label1\" content=\"Dur\u00e9e de lecture estim\u00e9e\" \/>\n\t<meta name=\"twitter:data1\" content=\"3 minutes\" \/>\n<script type=\"application\/ld+json\" class=\"yoast-schema-graph\">{\"@context\":\"https:\\\/\\\/schema.org\",\"@graph\":[{\"@type\":\"WebPage\",\"@id\":\"https:\\\/\\\/chiarapogneaux.com\\\/index.php\\\/galerie-media-interview-chiara-pogneaux\\\/\",\"url\":\"https:\\\/\\\/chiarapogneaux.com\\\/index.php\\\/galerie-media-interview-chiara-pogneaux\\\/\",\"name\":\"M\u00e9dia &amp; Galerie - Chiara Pogneaux - Interview Presse\",\"isPartOf\":{\"@id\":\"https:\\\/\\\/chiarapogneaux.com\\\/#website\"},\"primaryImageOfPage\":{\"@id\":\"https:\\\/\\\/chiarapogneaux.com\\\/index.php\\\/galerie-media-interview-chiara-pogneaux\\\/#primaryimage\"},\"image\":{\"@id\":\"https:\\\/\\\/chiarapogneaux.com\\\/index.php\\\/galerie-media-interview-chiara-pogneaux\\\/#primaryimage\"},\"thumbnailUrl\":\"https:\\\/\\\/chiarapogneaux.com\\\/wp-content\\\/uploads\\\/2024\\\/05\\\/3824802-77728969-640-480.jpg\",\"datePublished\":\"2024-05-02T09:08:18+00:00\",\"dateModified\":\"2024-05-20T17:02:54+00:00\",\"description\":\"Retrouvez les diff\u00e9rents Interview et des photos exclusifs de la skieuse Chiara Pogneaux sur la page m\u00e9dia. Une grande visibilit\u00e9.\",\"breadcrumb\":{\"@id\":\"https:\\\/\\\/chiarapogneaux.com\\\/index.php\\\/galerie-media-interview-chiara-pogneaux\\\/#breadcrumb\"},\"inLanguage\":\"fr-FR\",\"potentialAction\":[{\"@type\":\"ReadAction\",\"target\":[\"https:\\\/\\\/chiarapogneaux.com\\\/index.php\\\/galerie-media-interview-chiara-pogneaux\\\/\"]}]},{\"@type\":\"ImageObject\",\"inLanguage\":\"fr-FR\",\"@id\":\"https:\\\/\\\/chiarapogneaux.com\\\/index.php\\\/galerie-media-interview-chiara-pogneaux\\\/#primaryimage\",\"url\":\"https:\\\/\\\/chiarapogneaux.com\\\/wp-content\\\/uploads\\\/2024\\\/05\\\/3824802-77728969-640-480.jpg\",\"contentUrl\":\"https:\\\/\\\/chiarapogneaux.com\\\/wp-content\\\/uploads\\\/2024\\\/05\\\/3824802-77728969-640-480.jpg\",\"width\":640,\"height\":480},{\"@type\":\"BreadcrumbList\",\"@id\":\"https:\\\/\\\/chiarapogneaux.com\\\/index.php\\\/galerie-media-interview-chiara-pogneaux\\\/#breadcrumb\",\"itemListElement\":[{\"@type\":\"ListItem\",\"position\":1,\"name\":\"Accueil\",\"item\":\"https:\\\/\\\/chiarapogneaux.com\\\/\"},{\"@type\":\"ListItem\",\"position\":2,\"name\":\"M\u00e9dia &amp; Galerie\"}]},{\"@type\":\"WebSite\",\"@id\":\"https:\\\/\\\/chiarapogneaux.com\\\/#website\",\"url\":\"https:\\\/\\\/chiarapogneaux.com\\\/\",\"name\":\"Chiara Pogneaux\",\"description\":\"D\u00e9couvrez le site officiel de Chiara Pogneaux\",\"publisher\":{\"@id\":\"https:\\\/\\\/chiarapogneaux.com\\\/#\\\/schema\\\/person\\\/0b2630e6a7121d0e864b2a7fb8d3bbb5\"},\"potentialAction\":[{\"@type\":\"SearchAction\",\"target\":{\"@type\":\"EntryPoint\",\"urlTemplate\":\"https:\\\/\\\/chiarapogneaux.com\\\/?s={search_term_string}\"},\"query-input\":{\"@type\":\"PropertyValueSpecification\",\"valueRequired\":true,\"valueName\":\"search_term_string\"}}],\"inLanguage\":\"fr-FR\"},{\"@type\":[\"Person\",\"Organization\"],\"@id\":\"https:\\\/\\\/chiarapogneaux.com\\\/#\\\/schema\\\/person\\\/0b2630e6a7121d0e864b2a7fb8d3bbb5\",\"name\":\"Chiara Pogneaux\",\"image\":{\"@type\":\"ImageObject\",\"inLanguage\":\"fr-FR\",\"@id\":\"https:\\\/\\\/secure.gravatar.com\\\/avatar\\\/6904649d15ab6f7190bca4652d4e5fb8666d08a13d49d1444ad743e336d267b0?s=96&d=mm&r=g\",\"url\":\"https:\\\/\\\/secure.gravatar.com\\\/avatar\\\/6904649d15ab6f7190bca4652d4e5fb8666d08a13d49d1444ad743e336d267b0?s=96&d=mm&r=g\",\"contentUrl\":\"https:\\\/\\\/secure.gravatar.com\\\/avatar\\\/6904649d15ab6f7190bca4652d4e5fb8666d08a13d49d1444ad743e336d267b0?s=96&d=mm&r=g\",\"caption\":\"Chiara Pogneaux\"},\"logo\":{\"@id\":\"https:\\\/\\\/secure.gravatar.com\\\/avatar\\\/6904649d15ab6f7190bca4652d4e5fb8666d08a13d49d1444ad743e336d267b0?s=96&d=mm&r=g\"},\"sameAs\":[\"http:\\\/\\\/lchtukg.cluster023.hosting.ovh.net\"]}]}<\/script>\n<!-- \/ Yoast SEO plugin. -->","yoast_head_json":{"title":"M\u00e9dia &amp; Galerie - Chiara Pogneaux - Interview Presse","description":"Retrouvez les diff\u00e9rents Interview et des photos exclusifs de la skieuse Chiara Pogneaux sur la page m\u00e9dia. Une grande visibilit\u00e9.","robots":{"index":"index","follow":"follow","max-snippet":"max-snippet:-1","max-image-preview":"max-image-preview:large","max-video-preview":"max-video-preview:-1"},"canonical":"https:\/\/chiarapogneaux.com\/index.php\/galerie-media-interview-chiara-pogneaux\/","og_locale":"fr_FR","og_type":"article","og_title":"M\u00e9dia &amp; Galerie - Chiara Pogneaux - Interview Presse","og_description":"Retrouvez les diff\u00e9rents Interview et des photos exclusifs de la skieuse Chiara Pogneaux sur la page m\u00e9dia. Une grande visibilit\u00e9.","og_url":"https:\/\/chiarapogneaux.com\/index.php\/galerie-media-interview-chiara-pogneaux\/","og_site_name":"Chiara Pogneaux - Officiel","article_modified_time":"2024-05-20T17:02:54+00:00","og_image":[{"url":"https:\/\/chiarapogneaux.com\/wp-content\/uploads\/2024\/05\/3824802-77728969-640-480.jpg","type":"","width":"","height":""}],"twitter_card":"summary_large_image","twitter_misc":{"Dur\u00e9e de lecture estim\u00e9e":"3 minutes"},"schema":{"@context":"https:\/\/schema.org","@graph":[{"@type":"WebPage","@id":"https:\/\/chiarapogneaux.com\/index.php\/galerie-media-interview-chiara-pogneaux\/","url":"https:\/\/chiarapogneaux.com\/index.php\/galerie-media-interview-chiara-pogneaux\/","name":"M\u00e9dia &amp; Galerie - Chiara Pogneaux - Interview Presse","isPartOf":{"@id":"https:\/\/chiarapogneaux.com\/#website"},"primaryImageOfPage":{"@id":"https:\/\/chiarapogneaux.com\/index.php\/galerie-media-interview-chiara-pogneaux\/#primaryimage"},"image":{"@id":"https:\/\/chiarapogneaux.com\/index.php\/galerie-media-interview-chiara-pogneaux\/#primaryimage"},"thumbnailUrl":"https:\/\/chiarapogneaux.com\/wp-content\/uploads\/2024\/05\/3824802-77728969-640-480.jpg","datePublished":"2024-05-02T09:08:18+00:00","dateModified":"2024-05-20T17:02:54+00:00","description":"Retrouvez les diff\u00e9rents Interview et des photos exclusifs de la skieuse Chiara Pogneaux sur la page m\u00e9dia. Une grande visibilit\u00e9.","breadcrumb":{"@id":"https:\/\/chiarapogneaux.com\/index.php\/galerie-media-interview-chiara-pogneaux\/#breadcrumb"},"inLanguage":"fr-FR","potentialAction":[{"@type":"ReadAction","target":["https:\/\/chiarapogneaux.com\/index.php\/galerie-media-interview-chiara-pogneaux\/"]}]},{"@type":"ImageObject","inLanguage":"fr-FR","@id":"https:\/\/chiarapogneaux.com\/index.php\/galerie-media-interview-chiara-pogneaux\/#primaryimage","url":"https:\/\/chiarapogneaux.com\/wp-content\/uploads\/2024\/05\/3824802-77728969-640-480.jpg","contentUrl":"https:\/\/chiarapogneaux.com\/wp-content\/uploads\/2024\/05\/3824802-77728969-640-480.jpg","width":640,"height":480},{"@type":"BreadcrumbList","@id":"https:\/\/chiarapogneaux.com\/index.php\/galerie-media-interview-chiara-pogneaux\/#breadcrumb","itemListElement":[{"@type":"ListItem","position":1,"name":"Accueil","item":"https:\/\/chiarapogneaux.com\/"},{"@type":"ListItem","position":2,"name":"M\u00e9dia &amp; Galerie"}]},{"@type":"WebSite","@id":"https:\/\/chiarapogneaux.com\/#website","url":"https:\/\/chiarapogneaux.com\/","name":"Chiara Pogneaux","description":"D\u00e9couvrez le site officiel de Chiara Pogneaux","publisher":{"@id":"https:\/\/chiarapogneaux.com\/#\/schema\/person\/0b2630e6a7121d0e864b2a7fb8d3bbb5"},"potentialAction":[{"@type":"SearchAction","target":{"@type":"EntryPoint","urlTemplate":"https:\/\/chiarapogneaux.com\/?s={search_term_string}"},"query-input":{"@type":"PropertyValueSpecification","valueRequired":true,"valueName":"search_term_string"}}],"inLanguage":"fr-FR"},{"@type":["Person","Organization"],"@id":"https:\/\/chiarapogneaux.com\/#\/schema\/person\/0b2630e6a7121d0e864b2a7fb8d3bbb5","name":"Chiara Pogneaux","image":{"@type":"ImageObject","inLanguage":"fr-FR","@id":"https:\/\/secure.gravatar.com\/avatar\/6904649d15ab6f7190bca4652d4e5fb8666d08a13d49d1444ad743e336d267b0?s=96&d=mm&r=g","url":"https:\/\/secure.gravatar.com\/avatar\/6904649d15ab6f7190bca4652d4e5fb8666d08a13d49d1444ad743e336d267b0?s=96&d=mm&r=g","contentUrl":"https:\/\/secure.gravatar.com\/avatar\/6904649d15ab6f7190bca4652d4e5fb8666d08a13d49d1444ad743e336d267b0?s=96&d=mm&r=g","caption":"Chiara Pogneaux"},"logo":{"@id":"https:\/\/secure.gravatar.com\/avatar\/6904649d15ab6f7190bca4652d4e5fb8666d08a13d49d1444ad743e336d267b0?s=96&d=mm&r=g"},"sameAs":["http:\/\/lchtukg.cluster023.hosting.ovh.net"]}]}},"featured_media_urls":[],"_links":{"self":[{"href":"https:\/\/chiarapogneaux.com\/index.php\/wp-json\/wp\/v2\/pages\/302","targetHints":{"allow":["GET"]}}],"collection":[{"href":"https:\/\/chiarapogneaux.com\/index.php\/wp-json\/wp\/v2\/pages"}],"about":[{"href":"https:\/\/chiarapogneaux.com\/index.php\/wp-json\/wp\/v2\/types\/page"}],"author":[{"embeddable":true,"href":"https:\/\/chiarapogneaux.com\/index.php\/wp-json\/wp\/v2\/users\/2"}],"replies":[{"embeddable":true,"href":"https:\/\/chiarapogneaux.com\/index.php\/wp-json\/wp\/v2\/comments?post=302"}],"version-history":[{"count":43,"href":"https:\/\/chiarapogneaux.com\/index.php\/wp-json\/wp\/v2\/pages\/302\/revisions"}],"predecessor-version":[{"id":777,"href":"https:\/\/chiarapogneaux.com\/index.php\/wp-json\/wp\/v2\/pages\/302\/revisions\/777"}],"wp:attachment":[{"href":"https:\/\/chiarapogneaux.com\/index.php\/wp-json\/wp\/v2\/media?parent=302"}],"curies":[{"name":"wp","href":"https:\/\/api.w.org\/{rel}","templated":true}]}}