{"id":9,"date":"2024-04-27T16:53:14","date_gmt":"2024-04-27T14:53:14","guid":{"rendered":"http:\/\/lchtukg.cluster023.hosting.ovh.net\/?page_id=9"},"modified":"2025-05-28T11:45:30","modified_gmt":"2025-05-28T09:45:30","slug":"contact-chiara-pogneaux","status":"publish","type":"page","link":"https:\/\/chiarapogneaux.com\/index.php\/contact-chiara-pogneaux\/","title":{"rendered":"Contact"},"content":{"rendered":"\n<div class=\"wp-block-group alignfull has-global-padding is-layout-constrained wp-container-core-group-is-layout-19e250f3 wp-block-group-is-layout-constrained\">\n<div class=\"wp-block-columns alignfull are-vertically-aligned-center has-light-background-background-color has-background is-layout-flex wp-container-core-columns-is-layout-dd282781 wp-block-columns-is-layout-flex\" style=\"padding-top:0;padding-right:0;padding-bottom:0;padding-left:0\">\n<div class=\"wp-block-column is-vertically-aligned-center map-grayscale is-layout-flow wp-block-column-is-layout-flow\" style=\"flex-basis:50%\">\n<figure class=\"wp-block-image size-full is-resized\"><img loading=\"lazy\" decoding=\"async\" width=\"843\" height=\"547\" src=\"http:\/\/lchtukg.cluster023.hosting.ovh.net\/wp-content\/uploads\/2024\/05\/Capture-decran-2024-05-01-a-14.58.19.png\" alt=\"\" class=\"wp-image-150\" style=\"width:516px;height:auto\" srcset=\"https:\/\/chiarapogneaux.com\/wp-content\/uploads\/2024\/05\/Capture-decran-2024-05-01-a-14.58.19.png 843w, https:\/\/chiarapogneaux.com\/wp-content\/uploads\/2024\/05\/Capture-decran-2024-05-01-a-14.58.19-300x195.png 300w\" sizes=\"auto, (max-width: 843px) 100vw, 843px\" \/><\/figure>\n<\/div>\n\n\n\n<div class=\"wp-block-column is-vertically-aligned-center is-layout-flow wp-block-column-is-layout-flow\" style=\"padding-top:var(--wp--preset--spacing--small);padding-right:var(--wp--preset--spacing--small);padding-bottom:var(--wp--preset--spacing--small);padding-left:2%;flex-basis:50%\">\n<h3 class=\"wp-block-heading has-large-font-size\">Contactez moi<\/h3>\n\n\n\n<h3 class=\"wp-block-heading\"><strong>Adress<\/strong>e<\/h3>\n\n\n\n<p>216 Chemin Saint Arnould, 05330, Saint Chaffrey<\/p>\n\n\n\n<h3 class=\"wp-block-heading\"><strong>Email<\/strong><\/h3>\n\n\n\n<p>pogneaux.chiara@gmail.com<\/p>\n<\/div>\n<\/div>\n\n\n\n<div style=\"height:50px\" aria-hidden=\"true\" class=\"wp-block-spacer\"><\/div>\n\n\n\n<div class=\"wp-block-buttons popmake-509 is-content-justification-center is-layout-flex wp-container-core-buttons-is-layout-a89b3969 wp-block-buttons-is-layout-flex\">\n<div class=\"wp-block-button has-custom-width wp-block-button__width-50\"><a class=\"wp-block-button__link wp-element-button\">Click ici pour me contacter !!!<\/a><\/div>\n<\/div>\n<\/div>\n\n\n\n<div class=\"wp-block-group has-global-padding is-layout-constrained wp-block-group-is-layout-constrained\">\n<div style=\"height:33px\" aria-hidden=\"true\" class=\"wp-block-spacer\"><\/div>\n\n\n\n<h2 class=\"wp-block-heading has-text-align-center\">Suivez moi sur les r\u00e9seaux :  <\/h2>\n\n\n\n<div class=\"wp-block-wpzoom-blocks-social-icons is-style-with-canvas-round show-icon-labels-style\" style=\"--wpz-social-icons-block-item-font-size:20px;--wpz-social-icons-block-item-padding-horizontal:6px;--wpz-social-icons-block-item-padding-vertical:6px;--wpz-social-icons-block-item-margin-horizontal:5px;--wpz-social-icons-block-item-margin-vertical:5px;--wpz-social-icons-block-item-border-radius:55px;--wpz-social-icons-block-label-font-size:16px;--wpz-social-icons-block-label-color:#2e3131;--wpz-social-icons-block-label-color-hover:#2e3131;--wpz-social-icons-alignment:center\"><a href=\"https:\/\/instagram.com\" class=\"social-icon-link\" target=\"_blank\" rel=\"noopener\" title=\"Instagram\" style=\"--wpz-social-icons-block-item-color:#E4405F;--wpz-social-icons-block-item-color-hover:#E4405F\"><span class=\"social-icon socicon socicon-instagram\"><\/span><span class=\"icon-label\">Instagram<\/span><\/a><a href=\"https:\/\/wordpress.org\" class=\"social-icon-link\" target=\"_blank\" rel=\"noopener\" title=\"Linkedin\" style=\"--wpz-social-icons-block-item-color:#0866FF;--wpz-social-icons-block-item-color-hover:#0866FF\"><span class=\"social-icon socicon socicon-linkedin\"><\/span><span class=\"icon-label\">Linkedin<\/span><\/a><\/div>\n<\/div>\n\n\n\n<div class=\"wp-block-media-text is-stacked-on-mobile\" style=\"grid-template-columns:25% auto\"><figure class=\"wp-block-media-text__media\"><a href=\"https:\/\/www.instagram.com\/invites\/contact\/?i=1f4cal5qhvv64&amp;utm_content=f1jmpe\"><img loading=\"lazy\" decoding=\"async\" width=\"846\" height=\"878\" src=\"https:\/\/chiarapogneaux.com\/wp-content\/uploads\/2024\/05\/IMG_9264.jpg\" alt=\"\" class=\"wp-image-443 size-full\" srcset=\"https:\/\/chiarapogneaux.com\/wp-content\/uploads\/2024\/05\/IMG_9264.jpg 846w, https:\/\/chiarapogneaux.com\/wp-content\/uploads\/2024\/05\/IMG_9264-289x300.jpg 289w\" sizes=\"auto, (max-width: 846px) 100vw, 846px\" \/><\/a><\/figure><div class=\"wp-block-media-text__content\">\n<div id=\"sb_instagram\"  class=\"sbi sbi_mob_col_1 sbi_tab_col_2 sbi_col_3 sbi_width_resp\" style=\"padding-bottom: 10px;\"\t data-feedid=\"*1\"  data-res=\"auto\" data-cols=\"3\" data-colsmobile=\"1\" data-colstablet=\"2\" data-num=\"12\" data-nummobile=\"6\" data-item-padding=\"5\"\t data-shortcode-atts=\"{}\"  data-postid=\"9\" data-locatornonce=\"e0e6de32f3\" data-imageaspectratio=\"1:1\" data-sbi-flags=\"favorLocal\">\n\t\n\t<div id=\"sbi_images\"  style=\"gap: 10px;\">\n\t\t\t<\/div>\n\n\t<div id=\"sbi_load\" >\n\n\t\n\t\t\t<span class=\"sbi_follow_btn sbi_custom\" >\n\t\t\t<a target=\"_blank\"\n\t\t\t\trel=\"nofollow noopener\"  href=\"https:\/\/www.instagram.com\/chiarapogneaux\/\" style=\"background: rgb(64,139,209);\">\n\t\t\t\t<svg class=\"svg-inline--fa fa-instagram fa-w-14\" aria-hidden=\"true\" data-fa-processed=\"\" aria-label=\"Instagram\" data-prefix=\"fab\" data-icon=\"instagram\" role=\"img\" viewBox=\"0 0 448 512\">\n                    <path fill=\"currentColor\" d=\"M224.1 141c-63.6 0-114.9 51.3-114.9 114.9s51.3 114.9 114.9 114.9S339 319.5 339 255.9 287.7 141 224.1 141zm0 189.6c-41.1 0-74.7-33.5-74.7-74.7s33.5-74.7 74.7-74.7 74.7 33.5 74.7 74.7-33.6 74.7-74.7 74.7zm146.4-194.3c0 14.9-12 26.8-26.8 26.8-14.9 0-26.8-12-26.8-26.8s12-26.8 26.8-26.8 26.8 12 26.8 26.8zm76.1 27.2c-1.7-35.9-9.9-67.7-36.2-93.9-26.2-26.2-58-34.4-93.9-36.2-37-2.1-147.9-2.1-184.9 0-35.8 1.7-67.6 9.9-93.9 36.1s-34.4 58-36.2 93.9c-2.1 37-2.1 147.9 0 184.9 1.7 35.9 9.9 67.7 36.2 93.9s58 34.4 93.9 36.2c37 2.1 147.9 2.1 184.9 0 35.9-1.7 67.7-9.9 93.9-36.2 26.2-26.2 34.4-58 36.2-93.9 2.1-37 2.1-147.8 0-184.8zM398.8 388c-7.8 19.6-22.9 34.7-42.6 42.6-29.5 11.7-99.5 9-132.1 9s-102.7 2.6-132.1-9c-19.6-7.8-34.7-22.9-42.6-42.6-11.7-29.5-9-99.5-9-132.1s-2.6-102.7 9-132.1c7.8-19.6 22.9-34.7 42.6-42.6 29.5-11.7 99.5-9 132.1-9s102.7-2.6 132.1 9c19.6 7.8 34.7 22.9 42.6 42.6 11.7 29.5 9 99.5 9 132.1s2.7 102.7-9 132.1z\"><\/path>\n                <\/svg>\t\t\t\t<span>Suivre sur Instagram<\/span>\n\t\t\t<\/a>\n\t\t<\/span>\n\t\n<\/div>\n\t\t<span class=\"sbi_resized_image_data\" data-feed-id=\"*1\"\n\t\t  data-resized=\"[]\">\n\t<\/span>\n\t<\/div>\n\n\t<style type=\"text\/css\">\n\t\t\t\t#sb_instagram #sbi_load .sbi_load_btn:focus,\n\t\t#sb_instagram #sbi_load .sbi_load_btn:hover {\n\t\t\toutline: none;\n\t\t\tbox-shadow: inset 0 0 20px 20px#E41616;\n\t\t}\n\n\t\t\t\t\t<\/style>\n\t<\/div><\/div>\n\n\n\n<div style=\"height:100px\" aria-hidden=\"true\" class=\"wp-block-spacer\"><\/div>\n\n\n\n<p>Pour en savoir plus sur ma carri\u00e8re, retrouvez <a href=\"https:\/\/chiarapogneaux.com\/\">mes aventures<\/a>, mes <a href=\"https:\/\/chiarapogneaux.com\/index.php\/resultat-chiara-pogneaux\/\">r\u00e9sultats<\/a>, et mes <a href=\"https:\/\/chiarapogneaux.com\/index.php\/galerie-media-interview-chiara-pogneaux\/\">apparitions dans les m\u00e9dias<\/a><\/p>\n","protected":false},"excerpt":{"rendered":"<p>Contactez moi Adresse 216 Chemin Saint Arnould, 05330, Saint Chaffrey Email pogneaux.chiara@gmail.com Suivez moi sur les r\u00e9seaux : Pour en savoir plus sur ma carri\u00e8re, retrouvez mes aventures, mes r\u00e9sultats, et mes apparitions dans les m\u00e9dias<\/p>\n","protected":false},"author":1,"featured_media":253,"parent":0,"menu_order":0,"comment_status":"closed","ping_status":"closed","template":"","meta":{"footnotes":""},"class_list":["post-9","page","type-page","status-publish","has-post-thumbnail","hentry"],"yoast_head":"<!-- This site is optimized with the Yoast SEO plugin v27.4 - https:\/\/yoast.com\/product\/yoast-seo-wordpress\/ -->\n<title>Contact - Chiara Pogneaux - Officiel<\/title>\n<meta name=\"description\" content=\"Contact Chiara Pogneaux, vous retrouverez mes r\u00e9seaux sociaux et pouvez directement me contacter par mail !\" \/>\n<meta name=\"robots\" content=\"index, follow, max-snippet:-1, max-image-preview:large, max-video-preview:-1\" \/>\n<link rel=\"canonical\" href=\"https:\/\/chiarapogneaux.com\/index.php\/contact-chiara-pogneaux\/\" \/>\n<meta property=\"og:locale\" content=\"fr_FR\" \/>\n<meta property=\"og:type\" content=\"article\" \/>\n<meta property=\"og:title\" content=\"Contact - Chiara Pogneaux - Officiel\" \/>\n<meta property=\"og:description\" content=\"Contact Chiara Pogneaux, vous retrouverez mes r\u00e9seaux sociaux et pouvez directement me contacter par mail !\" \/>\n<meta property=\"og:url\" content=\"https:\/\/chiarapogneaux.com\/index.php\/contact-chiara-pogneaux\/\" \/>\n<meta property=\"og:site_name\" content=\"Chiara Pogneaux - Officiel\" \/>\n<meta property=\"article:modified_time\" content=\"2025-05-28T09:45:30+00:00\" \/>\n<meta property=\"og:image\" content=\"https:\/\/chiarapogneaux.com\/wp-content\/uploads\/2024\/05\/a24-liws-mm-02-0004.jpeg\" \/>\n\t<meta property=\"og:image:width\" content=\"850\" \/>\n\t<meta property=\"og:image:height\" content=\"567\" \/>\n\t<meta property=\"og:image:type\" content=\"image\/jpeg\" \/>\n<meta name=\"twitter:card\" content=\"summary_large_image\" \/>\n<meta name=\"twitter:label1\" content=\"Dur\u00e9e de lecture estim\u00e9e\" \/>\n\t<meta name=\"twitter:data1\" content=\"1 minute\" \/>\n<script type=\"application\/ld+json\" class=\"yoast-schema-graph\">{\"@context\":\"https:\\\/\\\/schema.org\",\"@graph\":[{\"@type\":\"WebPage\",\"@id\":\"https:\\\/\\\/chiarapogneaux.com\\\/index.php\\\/contact-chiara-pogneaux\\\/\",\"url\":\"https:\\\/\\\/chiarapogneaux.com\\\/index.php\\\/contact-chiara-pogneaux\\\/\",\"name\":\"Contact - Chiara Pogneaux - Officiel\",\"isPartOf\":{\"@id\":\"https:\\\/\\\/chiarapogneaux.com\\\/#website\"},\"primaryImageOfPage\":{\"@id\":\"https:\\\/\\\/chiarapogneaux.com\\\/index.php\\\/contact-chiara-pogneaux\\\/#primaryimage\"},\"image\":{\"@id\":\"https:\\\/\\\/chiarapogneaux.com\\\/index.php\\\/contact-chiara-pogneaux\\\/#primaryimage\"},\"thumbnailUrl\":\"https:\\\/\\\/chiarapogneaux.com\\\/wp-content\\\/uploads\\\/2024\\\/05\\\/a24-liws-mm-02-0004.jpeg\",\"datePublished\":\"2024-04-27T14:53:14+00:00\",\"dateModified\":\"2025-05-28T09:45:30+00:00\",\"description\":\"Contact Chiara Pogneaux, vous retrouverez mes r\u00e9seaux sociaux et pouvez directement me contacter par mail !\",\"breadcrumb\":{\"@id\":\"https:\\\/\\\/chiarapogneaux.com\\\/index.php\\\/contact-chiara-pogneaux\\\/#breadcrumb\"},\"inLanguage\":\"fr-FR\",\"potentialAction\":[{\"@type\":\"ReadAction\",\"target\":[\"https:\\\/\\\/chiarapogneaux.com\\\/index.php\\\/contact-chiara-pogneaux\\\/\"]}]},{\"@type\":\"ImageObject\",\"inLanguage\":\"fr-FR\",\"@id\":\"https:\\\/\\\/chiarapogneaux.com\\\/index.php\\\/contact-chiara-pogneaux\\\/#primaryimage\",\"url\":\"https:\\\/\\\/chiarapogneaux.com\\\/wp-content\\\/uploads\\\/2024\\\/05\\\/a24-liws-mm-02-0004.jpeg\",\"contentUrl\":\"https:\\\/\\\/chiarapogneaux.com\\\/wp-content\\\/uploads\\\/2024\\\/05\\\/a24-liws-mm-02-0004.jpeg\",\"width\":850,\"height\":567},{\"@type\":\"BreadcrumbList\",\"@id\":\"https:\\\/\\\/chiarapogneaux.com\\\/index.php\\\/contact-chiara-pogneaux\\\/#breadcrumb\",\"itemListElement\":[{\"@type\":\"ListItem\",\"position\":1,\"name\":\"Accueil\",\"item\":\"https:\\\/\\\/chiarapogneaux.com\\\/\"},{\"@type\":\"ListItem\",\"position\":2,\"name\":\"Contact\"}]},{\"@type\":\"WebSite\",\"@id\":\"https:\\\/\\\/chiarapogneaux.com\\\/#website\",\"url\":\"https:\\\/\\\/chiarapogneaux.com\\\/\",\"name\":\"Chiara Pogneaux\",\"description\":\"D\u00e9couvrez le site officiel de Chiara Pogneaux\",\"publisher\":{\"@id\":\"https:\\\/\\\/chiarapogneaux.com\\\/#\\\/schema\\\/person\\\/0b2630e6a7121d0e864b2a7fb8d3bbb5\"},\"potentialAction\":[{\"@type\":\"SearchAction\",\"target\":{\"@type\":\"EntryPoint\",\"urlTemplate\":\"https:\\\/\\\/chiarapogneaux.com\\\/?s={search_term_string}\"},\"query-input\":{\"@type\":\"PropertyValueSpecification\",\"valueRequired\":true,\"valueName\":\"search_term_string\"}}],\"inLanguage\":\"fr-FR\"},{\"@type\":[\"Person\",\"Organization\"],\"@id\":\"https:\\\/\\\/chiarapogneaux.com\\\/#\\\/schema\\\/person\\\/0b2630e6a7121d0e864b2a7fb8d3bbb5\",\"name\":\"Chiara Pogneaux\",\"image\":{\"@type\":\"ImageObject\",\"inLanguage\":\"fr-FR\",\"@id\":\"https:\\\/\\\/secure.gravatar.com\\\/avatar\\\/6904649d15ab6f7190bca4652d4e5fb8666d08a13d49d1444ad743e336d267b0?s=96&d=mm&r=g\",\"url\":\"https:\\\/\\\/secure.gravatar.com\\\/avatar\\\/6904649d15ab6f7190bca4652d4e5fb8666d08a13d49d1444ad743e336d267b0?s=96&d=mm&r=g\",\"contentUrl\":\"https:\\\/\\\/secure.gravatar.com\\\/avatar\\\/6904649d15ab6f7190bca4652d4e5fb8666d08a13d49d1444ad743e336d267b0?s=96&d=mm&r=g\",\"caption\":\"Chiara Pogneaux\"},\"logo\":{\"@id\":\"https:\\\/\\\/secure.gravatar.com\\\/avatar\\\/6904649d15ab6f7190bca4652d4e5fb8666d08a13d49d1444ad743e336d267b0?s=96&d=mm&r=g\"},\"sameAs\":[\"http:\\\/\\\/lchtukg.cluster023.hosting.ovh.net\"]}]}<\/script>\n<!-- \/ Yoast SEO plugin. -->","yoast_head_json":{"title":"Contact - Chiara Pogneaux - Officiel","description":"Contact Chiara Pogneaux, vous retrouverez mes r\u00e9seaux sociaux et pouvez directement me contacter par mail !","robots":{"index":"index","follow":"follow","max-snippet":"max-snippet:-1","max-image-preview":"max-image-preview:large","max-video-preview":"max-video-preview:-1"},"canonical":"https:\/\/chiarapogneaux.com\/index.php\/contact-chiara-pogneaux\/","og_locale":"fr_FR","og_type":"article","og_title":"Contact - Chiara Pogneaux - Officiel","og_description":"Contact Chiara Pogneaux, vous retrouverez mes r\u00e9seaux sociaux et pouvez directement me contacter par mail !","og_url":"https:\/\/chiarapogneaux.com\/index.php\/contact-chiara-pogneaux\/","og_site_name":"Chiara Pogneaux - Officiel","article_modified_time":"2025-05-28T09:45:30+00:00","og_image":[{"width":850,"height":567,"url":"https:\/\/chiarapogneaux.com\/wp-content\/uploads\/2024\/05\/a24-liws-mm-02-0004.jpeg","type":"image\/jpeg"}],"twitter_card":"summary_large_image","twitter_misc":{"Dur\u00e9e de lecture estim\u00e9e":"1 minute"},"schema":{"@context":"https:\/\/schema.org","@graph":[{"@type":"WebPage","@id":"https:\/\/chiarapogneaux.com\/index.php\/contact-chiara-pogneaux\/","url":"https:\/\/chiarapogneaux.com\/index.php\/contact-chiara-pogneaux\/","name":"Contact - Chiara Pogneaux - Officiel","isPartOf":{"@id":"https:\/\/chiarapogneaux.com\/#website"},"primaryImageOfPage":{"@id":"https:\/\/chiarapogneaux.com\/index.php\/contact-chiara-pogneaux\/#primaryimage"},"image":{"@id":"https:\/\/chiarapogneaux.com\/index.php\/contact-chiara-pogneaux\/#primaryimage"},"thumbnailUrl":"https:\/\/chiarapogneaux.com\/wp-content\/uploads\/2024\/05\/a24-liws-mm-02-0004.jpeg","datePublished":"2024-04-27T14:53:14+00:00","dateModified":"2025-05-28T09:45:30+00:00","description":"Contact Chiara Pogneaux, vous retrouverez mes r\u00e9seaux sociaux et pouvez directement me contacter par mail !","breadcrumb":{"@id":"https:\/\/chiarapogneaux.com\/index.php\/contact-chiara-pogneaux\/#breadcrumb"},"inLanguage":"fr-FR","potentialAction":[{"@type":"ReadAction","target":["https:\/\/chiarapogneaux.com\/index.php\/contact-chiara-pogneaux\/"]}]},{"@type":"ImageObject","inLanguage":"fr-FR","@id":"https:\/\/chiarapogneaux.com\/index.php\/contact-chiara-pogneaux\/#primaryimage","url":"https:\/\/chiarapogneaux.com\/wp-content\/uploads\/2024\/05\/a24-liws-mm-02-0004.jpeg","contentUrl":"https:\/\/chiarapogneaux.com\/wp-content\/uploads\/2024\/05\/a24-liws-mm-02-0004.jpeg","width":850,"height":567},{"@type":"BreadcrumbList","@id":"https:\/\/chiarapogneaux.com\/index.php\/contact-chiara-pogneaux\/#breadcrumb","itemListElement":[{"@type":"ListItem","position":1,"name":"Accueil","item":"https:\/\/chiarapogneaux.com\/"},{"@type":"ListItem","position":2,"name":"Contact"}]},{"@type":"WebSite","@id":"https:\/\/chiarapogneaux.com\/#website","url":"https:\/\/chiarapogneaux.com\/","name":"Chiara Pogneaux","description":"D\u00e9couvrez le site officiel de Chiara Pogneaux","publisher":{"@id":"https:\/\/chiarapogneaux.com\/#\/schema\/person\/0b2630e6a7121d0e864b2a7fb8d3bbb5"},"potentialAction":[{"@type":"SearchAction","target":{"@type":"EntryPoint","urlTemplate":"https:\/\/chiarapogneaux.com\/?s={search_term_string}"},"query-input":{"@type":"PropertyValueSpecification","valueRequired":true,"valueName":"search_term_string"}}],"inLanguage":"fr-FR"},{"@type":["Person","Organization"],"@id":"https:\/\/chiarapogneaux.com\/#\/schema\/person\/0b2630e6a7121d0e864b2a7fb8d3bbb5","name":"Chiara Pogneaux","image":{"@type":"ImageObject","inLanguage":"fr-FR","@id":"https:\/\/secure.gravatar.com\/avatar\/6904649d15ab6f7190bca4652d4e5fb8666d08a13d49d1444ad743e336d267b0?s=96&d=mm&r=g","url":"https:\/\/secure.gravatar.com\/avatar\/6904649d15ab6f7190bca4652d4e5fb8666d08a13d49d1444ad743e336d267b0?s=96&d=mm&r=g","contentUrl":"https:\/\/secure.gravatar.com\/avatar\/6904649d15ab6f7190bca4652d4e5fb8666d08a13d49d1444ad743e336d267b0?s=96&d=mm&r=g","caption":"Chiara Pogneaux"},"logo":{"@id":"https:\/\/secure.gravatar.com\/avatar\/6904649d15ab6f7190bca4652d4e5fb8666d08a13d49d1444ad743e336d267b0?s=96&d=mm&r=g"},"sameAs":["http:\/\/lchtukg.cluster023.hosting.ovh.net"]}]}},"featured_media_urls":{"thumbnail":["https:\/\/chiarapogneaux.com\/wp-content\/uploads\/2024\/05\/a24-liws-mm-02-0004-150x150.jpeg",150,150,true],"medium":["https:\/\/chiarapogneaux.com\/wp-content\/uploads\/2024\/05\/a24-liws-mm-02-0004-300x200.jpeg",300,200,true],"medium_large":["https:\/\/chiarapogneaux.com\/wp-content\/uploads\/2024\/05\/a24-liws-mm-02-0004.jpeg",768,512,false],"large":["https:\/\/chiarapogneaux.com\/wp-content\/uploads\/2024\/05\/a24-liws-mm-02-0004.jpeg",850,567,false],"1536x1536":["https:\/\/chiarapogneaux.com\/wp-content\/uploads\/2024\/05\/a24-liws-mm-02-0004.jpeg",850,567,false],"2048x2048":["https:\/\/chiarapogneaux.com\/wp-content\/uploads\/2024\/05\/a24-liws-mm-02-0004.jpeg",850,567,false],"inspiro-featured-image":["https:\/\/chiarapogneaux.com\/wp-content\/uploads\/2024\/05\/a24-liws-mm-02-0004.jpeg",850,567,false],"inspiro-loop":["https:\/\/chiarapogneaux.com\/wp-content\/uploads\/2024\/05\/a24-liws-mm-02-0004-850x320.jpeg",850,320,true],"inspiro-loop@2x":["https:\/\/chiarapogneaux.com\/wp-content\/uploads\/2024\/05\/a24-liws-mm-02-0004.jpeg",850,567,false],"portfolio_item-thumbnail":["https:\/\/chiarapogneaux.com\/wp-content\/uploads\/2024\/05\/a24-liws-mm-02-0004-600x400.jpeg",600,400,true],"portfolio_item-thumbnail@2x":["https:\/\/chiarapogneaux.com\/wp-content\/uploads\/2024\/05\/a24-liws-mm-02-0004.jpeg",850,567,false],"portfolio_item-masonry":["https:\/\/chiarapogneaux.com\/wp-content\/uploads\/2024\/05\/a24-liws-mm-02-0004-600x400.jpeg",600,400,true],"portfolio_item-masonry@2x":["https:\/\/chiarapogneaux.com\/wp-content\/uploads\/2024\/05\/a24-liws-mm-02-0004.jpeg",850,567,false],"portfolio_item-thumbnail_cinema":["https:\/\/chiarapogneaux.com\/wp-content\/uploads\/2024\/05\/a24-liws-mm-02-0004-800x335.jpeg",800,335,true],"portfolio_item-thumbnail_portrait":["https:\/\/chiarapogneaux.com\/wp-content\/uploads\/2024\/05\/a24-liws-mm-02-0004-600x567.jpeg",600,567,true],"portfolio_item-thumbnail_portrait@2x":["https:\/\/chiarapogneaux.com\/wp-content\/uploads\/2024\/05\/a24-liws-mm-02-0004.jpeg",850,567,false],"portfolio_item-thumbnail_square":["https:\/\/chiarapogneaux.com\/wp-content\/uploads\/2024\/05\/a24-liws-mm-02-0004-800x567.jpeg",800,567,true]},"_links":{"self":[{"href":"https:\/\/chiarapogneaux.com\/index.php\/wp-json\/wp\/v2\/pages\/9","targetHints":{"allow":["GET"]}}],"collection":[{"href":"https:\/\/chiarapogneaux.com\/index.php\/wp-json\/wp\/v2\/pages"}],"about":[{"href":"https:\/\/chiarapogneaux.com\/index.php\/wp-json\/wp\/v2\/types\/page"}],"author":[{"embeddable":true,"href":"https:\/\/chiarapogneaux.com\/index.php\/wp-json\/wp\/v2\/users\/1"}],"replies":[{"embeddable":true,"href":"https:\/\/chiarapogneaux.com\/index.php\/wp-json\/wp\/v2\/comments?post=9"}],"version-history":[{"count":21,"href":"https:\/\/chiarapogneaux.com\/index.php\/wp-json\/wp\/v2\/pages\/9\/revisions"}],"predecessor-version":[{"id":677,"href":"https:\/\/chiarapogneaux.com\/index.php\/wp-json\/wp\/v2\/pages\/9\/revisions\/677"}],"wp:featuredmedia":[{"embeddable":true,"href":"https:\/\/chiarapogneaux.com\/index.php\/wp-json\/wp\/v2\/media\/253"}],"wp:attachment":[{"href":"https:\/\/chiarapogneaux.com\/index.php\/wp-json\/wp\/v2\/media?parent=9"}],"curies":[{"name":"wp","href":"https:\/\/api.w.org\/{rel}","templated":true}]}}